{"id":13483,"date":"2019-12-09T13:26:59","date_gmt":"2019-12-09T12:26:59","guid":{"rendered":"https:\/\/www.paih.gov.pl\/bip\/?p=13483"},"modified":"2026-03-30T11:34:39","modified_gmt":"2026-03-30T09:34:39","slug":"polskie-mosty-technologiczne","status":"publish","type":"page","link":"https:\/\/www.paih.gov.pl\/bip\/o-agencji\/projekty\/polskie-mosty-technologiczne\/","title":{"rendered":"Polskie Mosty Technologiczne (POIR 2018-2023)"},"content":{"rendered":"\n<div align=\"justify\">Realizacja na podstawie Umowy o dofinansowanie Projektu grantowego w ramach dzia\u0142ania 3.3 Wsparcie promocji oraz internacjonalizacji innowacyjnych przedsi\u0119biorstw, poddzia\u0142ania 3.3.1 Polskie Mosty Technologiczne Programu Operacyjnego Inteligentny Rozw\u00f3j nr POIR.03.03.01-00-0001\/17-00 zawartej w dniu 21.12.2017 r., pomi\u0119dzy Ministrem Rozwoju i Finans\u00f3w a Polsk\u0105 Agencj\u0105 Inwestycji i Handlu S.A.<\/div><div align=\"justify\"><br><\/div><div align=\"justify\">Tryb przeprowadzania naboru wniosk\u00f3w o dofinansowanie: projekt pozakonkursowy.<\/div><div align=\"justify\"><br><\/div><div align=\"justify\">Okres kwalifikowalno\u015bci wydatk\u00f3w dla Projektu: 2 stycznia 2018 r. &#8211; 31 grudnia 2023 r.<\/div><div align=\"justify\"><br><\/div><div align=\"justify\">Warto\u015b\u0107 Projektu grantowego i warto\u015b\u0107 dofinansowania: ca\u0142kowity koszt realizacji Projektu grantowego, a tym samym ca\u0142kowita kwota wydatk\u00f3w kwalifikowalnych Projektu wynosi 107 000 000,00 z\u0142.<\/div><div align=\"justify\"><br><\/div><div align=\"justify\">G\u0142\u00f3wnym celem Projektu Polskie Mosty Technologiczne jest przyspieszenie rozwoju polskich mikro, ma\u0142ych i \u015brednich przedsi\u0119biorstw o du\u017cym potencjale internacjonalizacji dzia\u0142alno\u015bci i du\u017cym potencjale rozwoju innowacyjnych produkt\u00f3w, us\u0142ug lub technologii, zainteresowanych sprzeda\u017c\u0105 swoich innowacyjnych produkt\u00f3w, us\u0142ug czy technologii, zorientowanych na inwestycje na rynkach zagranicznych i poszukuj\u0105cych tam partner\u00f3w handlowych czy kapita\u0142owych.<\/div><div align=\"justify\"><br><\/div><div align=\"justify\">Osi\u0105gni\u0119cie celu g\u0142\u00f3wnego Projektu b\u0119dzie mo\u017cliwe poprzez zapewnienie grantobiorcom wyspecjalizowanych us\u0142ug eksperckich w zakresie m.in.: optymalizacji proces\u00f3w zarz\u0105dzania, weryfikacji stosowanych dotychczas modeli biznesowych, instrument\u00f3w prawnych, finansowo- ksi\u0119gowych, marketingowych i sposobu obs\u0142ugi klient\u00f3w w kontek\u015bcie prowadzenia dzia\u0142alno\u015bci na danym rynku, analiz\u0119 rynku docelowego w odniesieniu do op\u0142acalno\u015bci wdro\u017cenia strategii ekspansji, a tak\u017ce planowania dalszego rozwoju oferowanych produkt\u00f3w\/us\u0142ug\/technologii m.in. w oparciu o model Lean Canvas, uzyskania zlece\u0144 od miejscowych firm i\/lub organizacji publicznych, transferu technologii lub know-how, nawi\u0105zania wsp\u00f3\u0142pracy w zakresie bada\u0144 i rozwoju, pozyskania inwestor\u00f3w oraz w dalszej perspektywie przeprowadzenia bezpo\u015bredniej inwestycji na danym rynku docelowym, a tak\u017ce walidacji produktu, ochrony w\u0142asno\u015bci przemys\u0142owej i intelektualnej, przygotowania oferty dla potencjalnych inwestor\u00f3w, czy poszukiwania partner\u00f3w gospodarczych.<\/div><div align=\"justify\"><br><\/div><div align=\"justify\">W ramach Projektu zaplanowano udzielenie wsparcia 800 przedsi\u0119biorcom. Zak\u0142adana wysoko\u015b\u0107 wsparcia otrzymywanego przez przedsi\u0119biorc\u0119 \u0142\u0105cznie w ramach jednego programu nie b\u0119dzie wi\u0119ksza ni\u017c 200 000,00 z\u0142. Ca\u0142o\u015b\u0107 wsparcia stanowi pomoc de minimis.<br><br>W ramach etapu zagranicznego Grantobiorca otrzyma grant w formie got\u00f3wkowej (przelew na konto Grantobiorcy w formie refundacji), kt\u00f3ry mo\u017ce by\u0107 przeznaczony na:<\/div><div align=\"justify\"><blockquote>a) koszty doradztwa zwi\u0105zane wprowadzeniem produktu\/us\u0142ugi\/technologii na rynek, a tak\u017ce z przygotowaniem Grantobiorcy i jego produktu\/us\u0142ugi\/technologii do certyfikacji, takie jak: audyt przedcertyfikacyjny, przygotowanie procedur, dokumentacji, opracowanie systemu zarz\u0105dzania jako\u015bci\u0105, akredytacji, koncesji lub innego typu dokument\u00f3w i praw niezb\u0119dnych dla prowadzenia dzia\u0142alno\u015bci gospodarczej i sprzeda\u017cy produkt\u00f3w\/us\u0142ug\/technologii na docelowym rynku zagranicznym (z wy\u0142\u0105czeniem koszt\u00f3w administracyjnych na danym rynku, np. za\u0142o\u017cenia lub przekszta\u0142cenia sp\u00f3\u0142ki);<br>b) koszty doradztwa dotycz\u0105ce: wzornictwa opakowa\u0144, projektowania katalog\u00f3w i opis\u00f3w technicznych produkt\u00f3w, projektowania logotyp\u00f3w i marek produktowych, projektowania wirtualnych platform do prezentacji produktu\/us\u0142ugi\/technologii;<br>c) koszty doradztwa zwi\u0105zane z weryfikacj\u0105 prawn\u0105 i techniczn\u0105 dokument\u00f3w niezb\u0119dnych dla przysz\u0142ego wprowadzenia produktu\/us\u0142ugi\/technologii na nowy rynek;<br>d) koszty doradztwa zwi\u0105zane z uzyskaniem ochrony w\u0142asno\u015bci intelektualnej za granic\u0105 odnosz\u0105cych si\u0119 do produkt\u00f3w\/us\u0142ug\/technologii przeznaczonych do sprzeda\u017cy na rynkach zagranicznych;<br>e) koszty doradztwa zwi\u0105zane z zakupem warto\u015bci niematerialnych i prawnych;<br>f) koszty t\u0142umacze\u0144 przygotowanych strategii ekspansji oraz innych dokument\u00f3w;<br>g) koszty zwi\u0105zane z uczestnictwem m.in. w konferencjach, misjach bran\u017cowych, imprezach targowo-wystawienniczych i programach dot. internacjonalizacji na rynku docelowym oraz w uzasadnionych przypadkach, ze wzgl\u0119du na skutki pandemii COVID-19 na \u015bwiecie, na innych rynkach (w tym: zakup powierzchni wystawienniczej, zabudowa, wpis do katalogu, bilety dla uczestnik\u00f3w, pakiety uczestnictwa, spedycja eksponat\u00f3w, wydatki zwi\u0105zane z udzia\u0142em w wirtualnych targach oraz prezentowaniem oferty w cyfrowym showroomie), nieprzekraczaj\u0105ce 36.000,00 PLN. Ka\u017cdy wydatek na rynkach innych ni\u017c docelowy PAIH b\u0119dzie analizowa\u0107 indywidualnie, maj\u0105c na uwadze skutki pandemii na rynku docelowym oraz silne powi\u0105zanie celu udzia\u0142u w dzia\u0142aniach poza rynkiem docelowym z celami projektu planowanymi do osi\u0105gni\u0119cia na rynku docelowym, a tak\u017ce charakter oferowanego przez Grantobiorc\u0119 produktu i us\u0142ugi;<br>h) koszty zwi\u0105zane z dzia\u0142aniami promocyjno-informacyjnymi, m.in. stworzeniem obcoj\u0119zycznej strony internetowej oraz publikacjami prasowymi, nieprzekraczaj\u0105ce 30.000,00 PLN.<\/blockquote><\/div><div align=\"justify\">Projekt realizowany ze \u015brodk\u00f3w Unii Europejskiej zgodnie z zaplanowanym bud\u017cetem ze \u015brodk\u00f3w bud\u017cetowych i pozabud\u017cetowych.<br><\/div>\n","protected":false},"excerpt":{"rendered":"<p>Realizacja na podstawie Umowy o dofinansowanie Projektu grantowego w ramach dzia\u0142ania 3.3 Wsparcie promocji oraz internacjonalizacji innowacyjnych przedsi\u0119biorstw, poddzia\u0142ania 3.3.1 Polskie Mosty Technologiczne Programu Operacyjnego Inteligentny Rozw\u00f3j nr POIR.03.03.01-00-0001\/17-00 zawartej w dniu 21.12.2017 r., pomi\u0119dzy Ministrem Rozwoju i Finans\u00f3w a Polsk\u0105 Agencj\u0105 Inwestycji i Handlu S.A. Tryb przeprowadzania naboru wniosk\u00f3w o dofinansowanie: projekt pozakonkursowy. Okres [&hellip;]<\/p>\n","protected":false},"author":65,"featured_media":0,"parent":13479,"menu_order":0,"comment_status":"closed","ping_status":"open","template":"","meta":{"inline_featured_image":false,"_themeisle_gutenberg_block_has_review":false,"footnotes":"","_links_to":"","_links_to_target":""},"acf":[],"_links":{"self":[{"href":"https:\/\/www.paih.gov.pl\/bip\/wp-json\/wp\/v2\/pages\/13483"}],"collection":[{"href":"https:\/\/www.paih.gov.pl\/bip\/wp-json\/wp\/v2\/pages"}],"about":[{"href":"https:\/\/www.paih.gov.pl\/bip\/wp-json\/wp\/v2\/types\/page"}],"author":[{"embeddable":true,"href":"https:\/\/www.paih.gov.pl\/bip\/wp-json\/wp\/v2\/users\/65"}],"replies":[{"embeddable":true,"href":"https:\/\/www.paih.gov.pl\/bip\/wp-json\/wp\/v2\/comments?post=13483"}],"version-history":[{"count":13,"href":"https:\/\/www.paih.gov.pl\/bip\/wp-json\/wp\/v2\/pages\/13483\/revisions"}],"predecessor-version":[{"id":1000119,"href":"https:\/\/www.paih.gov.pl\/bip\/wp-json\/wp\/v2\/pages\/13483\/revisions\/1000119"}],"up":[{"embeddable":true,"href":"https:\/\/www.paih.gov.pl\/bip\/wp-json\/wp\/v2\/pages\/13479"}],"wp:attachment":[{"href":"https:\/\/www.paih.gov.pl\/bip\/wp-json\/wp\/v2\/media?parent=13483"}],"curies":[{"name":"wp","href":"https:\/\/api.w.org\/{rel}","templated":true}]}}