{"id":13482,"date":"2019-12-09T13:26:47","date_gmt":"2019-12-09T12:26:47","guid":{"rendered":"https:\/\/www.paih.gov.pl\/bip\/?p=13482"},"modified":"2026-03-30T11:34:39","modified_gmt":"2026-03-30T09:34:39","slug":"wojewodztwo-mazowieckie","status":"publish","type":"page","link":"https:\/\/www.paih.gov.pl\/bip\/o-agencji\/projekty\/wojewodztwo-mazowieckie\/","title":{"rendered":"Wdro\u017cenie jednolitych standard\u00f3w obs\u0142ugi inwestora dla JST wojew\u00f3dztwa mazowieckiego"},"content":{"rendered":"\n<div align=\"center\"><img decoding=\"async\" src=\"\/wp-content\/uploads\/sites\/3\/0\/135401\/135486.png\" alt=\"Standardy Obs\u0142ugi Inwestora w Samorz\u0105dzie\" title=\"Standardy Obs\u0142ugi Inwestora w Samorz\u0105dzie\" border=\"0\"><\/div><br>\r\n<div align=\"justify\">Program Operacyjny Wiedza Edukacja Rozw\u00f3j na lata 2014-2020<\/div><div align=\"justify\">Dzia\u0142anie: 2.18 Wysokiej jako\u015bci us\u0142ugi administracyjne<\/div><div align=\"justify\"><br>Projekt realizowany jest przez Agencj\u0119 Rozwoju Mazowsza S.A. w partnerstwie z Polsk\u0105 Agencj\u0105 Inwestycji i Handlu S.A. Projekt polega na wdro\u017ceniu jednolitych standard\u00f3w obs\u0142ugi inwestora w jednostkach samorz\u0105du terytorialnego wojew\u00f3dztwa mazowieckiego. Podmioty, kt\u00f3re przyst\u0105pi\u0105 do projektu, przejd\u0105 przez dwa etapy i wdro\u017c\u0105 standardy, otrzymaj\u0105 Certyfikat potwierdzaj\u0105cy, i\u017c dany samorz\u0105d jest kompleksowo przygotowany do profesjonalnej obs\u0142ugi inwestora. Udzia\u0142 w nim pozwoli na podniesienie poziomu wiedzy pracownik\u00f3w urz\u0119d\u00f3w oraz przygotowanie profesjonalnej oferty skierowanej do potencjalnych inwestor\u00f3w, a tak\u017ce wypracowanie wysokiego poziomu nawi\u0105zania i utrzymania relacji urz\u0105d &#8211; inwestor\/przedsi\u0119biorca.<br><br>Projekt jest odpowiedzi\u0105 na dzia\u0142ania Ministerstwa Spraw Wewn\u0119trznych i Administracji, kt\u00f3re przeprowadzi\u0142o pilota\u017cowe dzia\u0142ania w latach 2016-2018 dla gmin wojew\u00f3dztwa warmi\u0144sko-mazurskiego. Obecnie ju\u017c 45 gmin tego regionu posiada Certyfikat potwierdzaj\u0105cy wdro\u017cenie standard\u00f3w.<br><br>Okres realizacji: 1 pa\u017adziernika 2019 r. &#8211; 29 grudnia 2023 r.<br><br>Bud\u017cet projektu: 3 513 261,18 z\u0142<br><br>Projekt realizowany ze \u015brodk\u00f3w Unii Europejskiej zgodnie z zaplanowanym bud\u017cetem ze \u015brodk\u00f3w bud\u017cetowych i pozabud\u017cetowych.<br><br>\r\n<div align=\"center\"><img decoding=\"async\" src=\"\/wp-content\/uploads\/sites\/3\/0\/141701\/141796.jpg\" alt=\"Standardy Obs\u0142ugi Inwestora w Samorz\u0105dzie\" title=\"Standardy Obs\u0142ugi Inwestora w Samorz\u0105dzie\" border=\"0\"><\/div>\r\n<\/div>\n","protected":false},"excerpt":{"rendered":"<p>Program Operacyjny Wiedza Edukacja Rozw\u00f3j na lata 2014-2020 Dzia\u0142anie: 2.18 Wysokiej jako\u015bci us\u0142ugi administracyjne Projekt realizowany jest przez Agencj\u0119 Rozwoju Mazowsza S.A. w partnerstwie z Polsk\u0105 Agencj\u0105 Inwestycji i Handlu S.A. Projekt polega na wdro\u017ceniu jednolitych standard\u00f3w obs\u0142ugi inwestora w jednostkach samorz\u0105du terytorialnego wojew\u00f3dztwa mazowieckiego. Podmioty, kt\u00f3re przyst\u0105pi\u0105 do projektu, przejd\u0105 przez dwa etapy i [&hellip;]<\/p>\n","protected":false},"author":65,"featured_media":0,"parent":13479,"menu_order":0,"comment_status":"closed","ping_status":"open","template":"","meta":{"inline_featured_image":false,"_themeisle_gutenberg_block_has_review":false,"footnotes":"","_links_to":"","_links_to_target":""},"acf":[],"_links":{"self":[{"href":"https:\/\/www.paih.gov.pl\/bip\/wp-json\/wp\/v2\/pages\/13482"}],"collection":[{"href":"https:\/\/www.paih.gov.pl\/bip\/wp-json\/wp\/v2\/pages"}],"about":[{"href":"https:\/\/www.paih.gov.pl\/bip\/wp-json\/wp\/v2\/types\/page"}],"author":[{"embeddable":true,"href":"https:\/\/www.paih.gov.pl\/bip\/wp-json\/wp\/v2\/users\/65"}],"replies":[{"embeddable":true,"href":"https:\/\/www.paih.gov.pl\/bip\/wp-json\/wp\/v2\/comments?post=13482"}],"version-history":[{"count":8,"href":"https:\/\/www.paih.gov.pl\/bip\/wp-json\/wp\/v2\/pages\/13482\/revisions"}],"predecessor-version":[{"id":1000125,"href":"https:\/\/www.paih.gov.pl\/bip\/wp-json\/wp\/v2\/pages\/13482\/revisions\/1000125"}],"up":[{"embeddable":true,"href":"https:\/\/www.paih.gov.pl\/bip\/wp-json\/wp\/v2\/pages\/13479"}],"wp:attachment":[{"href":"https:\/\/www.paih.gov.pl\/bip\/wp-json\/wp\/v2\/media?parent=13482"}],"curies":[{"name":"wp","href":"https:\/\/api.w.org\/{rel}","templated":true}]}}