{"id":13481,"date":"2019-12-09T13:26:32","date_gmt":"2019-12-09T12:26:32","guid":{"rendered":"https:\/\/www.paih.gov.pl\/bip\/?p=13481"},"modified":"2026-03-30T11:34:39","modified_gmt":"2026-03-30T09:34:39","slug":"wojewodztwo-slaskie","status":"publish","type":"page","link":"https:\/\/www.paih.gov.pl\/bip\/o-agencji\/projekty\/wojewodztwo-slaskie\/","title":{"rendered":"Standardy Obs\u0142ugi Inwestora w Samorz\u0105dzie (wojew\u00f3dztwo \u015al\u0105skie)"},"content":{"rendered":"\n<div align=\"justify\">Program Operacyjny Wiedza Edukacja Rozw\u00f3j 2014-2020<\/div><div align=\"justify\">O\u015b priorytetowa: II Efektywne polityki publiczne dla rynku pracy, gospodarki i edukacji<\/div><div align=\"justify\">Dzia\u0142anie 2.18. Wysokiej jako\u015bci us\u0142ugi administracyjne<br><\/div><div align=\"justify\">Cel szczeg\u00f3\u0142owy nr 4: Doskonalenie jako\u015bci oraz monitorowanie procesu \u015bwiadczenia us\u0142ug administracyjnych istotnych dla prowadzenia dzia\u0142alno\u015bci gospodarczej.<br><\/div><div align=\"justify\">Projekt pn. Standardy obs\u0142ugi inwestora w samorz\u0105dzie jest realizowany w wojew\u00f3dztwie \u015bl\u0105skim w latach 2019-2022. Grup\u0105 docelow\u0105 s\u0105 jednostki samorz\u0105du terytorialnego (JST) z wojew\u00f3dztwa \u015bl\u0105skiego.<\/div><div align=\"justify\"><br><\/div><div align=\"justify\">G\u0142\u00f3wnym celem projektu jest zaanga\u017cowanie kadry kierowniczej i pracownik\u00f3w JST w tematyk\u0119 inwestycyjn\u0105, podniesienie poziomu ich wiedzy oraz podniesienie jako\u015bci obs\u0142ugi inwestora w gminach wojew\u00f3dztwa \u015bl\u0105skiego. Gminom uczestnicz\u0105cym w projekcie zostan\u0105 zaproponowane r\u00f3\u017cne dzia\u0142ania, maj\u0105ce podnie\u015b\u0107 ich kompetencje zawodowe i b\u0119d\u0105 to m.in.: przeprowadzenie przez Beneficjenta\/Partnera projektu oceny stopnia przygotowania JST do wdro\u017cenia projektu, szkolenia og\u00f3lne z zakresu standardu obs\u0142ugi inwestora w samorz\u0105dach oraz szkolenia i specjalistyczne (w formie wyk\u0142ad\u00f3w, warsztat\u00f3w i konsultacji, kt\u00f3rych celem jest m.in. rozw\u00f3j umiej\u0119tno\u015bci interpersonalnych oraz podnoszenie kompetencji zawodowych), szkolenia z Generatora ofert dotycz\u0105ce przygotowania profesjonalnej oferty inwestycyjnej JST, wizyty studyjne (spotkania maj\u0105ce na celu wymian\u0119 dobrych praktyk i informacji z zakresu obs\u0142ugi inwestora) czy przeprowadzenie przez Beneficjenta\/Partnera projektu oceny stopnia wdro\u017cenia\/zmodernizowania standard\u00f3w obs\u0142ugi inwestora w JST.<br><\/div><div align=\"justify\"><br>Beneficjentem projektu jest Wojew\u00f3dztwo \u015al\u0105skie w partnerstwie z Polsk\u0105 Agencj\u0105 Inwestycji i Handlu S.A.<br><br>Bud\u017cet projektu: 2 000 000 z\u0142<br><br>Projekt realizowany ze \u015brodk\u00f3w Unii Europejskiej zgodnie z zaplanowanym bud\u017cetem ze \u015brodk\u00f3w bud\u017cetowych i pozabud\u017cetowych.<br><\/div>\n","protected":false},"excerpt":{"rendered":"<p>Program Operacyjny Wiedza Edukacja Rozw\u00f3j 2014-2020 O\u015b priorytetowa: II Efektywne polityki publiczne dla rynku pracy, gospodarki i edukacji Dzia\u0142anie 2.18. Wysokiej jako\u015bci us\u0142ugi administracyjne Cel szczeg\u00f3\u0142owy nr 4: Doskonalenie jako\u015bci oraz monitorowanie procesu \u015bwiadczenia us\u0142ug administracyjnych istotnych dla prowadzenia dzia\u0142alno\u015bci gospodarczej. Projekt pn. Standardy obs\u0142ugi inwestora w samorz\u0105dzie jest realizowany w wojew\u00f3dztwie \u015bl\u0105skim w latach [&hellip;]<\/p>\n","protected":false},"author":65,"featured_media":0,"parent":13479,"menu_order":0,"comment_status":"closed","ping_status":"open","template":"","meta":{"inline_featured_image":false,"_themeisle_gutenberg_block_has_review":false,"footnotes":"","_links_to":"","_links_to_target":""},"acf":[],"_links":{"self":[{"href":"https:\/\/www.paih.gov.pl\/bip\/wp-json\/wp\/v2\/pages\/13481"}],"collection":[{"href":"https:\/\/www.paih.gov.pl\/bip\/wp-json\/wp\/v2\/pages"}],"about":[{"href":"https:\/\/www.paih.gov.pl\/bip\/wp-json\/wp\/v2\/types\/page"}],"author":[{"embeddable":true,"href":"https:\/\/www.paih.gov.pl\/bip\/wp-json\/wp\/v2\/users\/65"}],"replies":[{"embeddable":true,"href":"https:\/\/www.paih.gov.pl\/bip\/wp-json\/wp\/v2\/comments?post=13481"}],"version-history":[{"count":4,"href":"https:\/\/www.paih.gov.pl\/bip\/wp-json\/wp\/v2\/pages\/13481\/revisions"}],"predecessor-version":[{"id":1000123,"href":"https:\/\/www.paih.gov.pl\/bip\/wp-json\/wp\/v2\/pages\/13481\/revisions\/1000123"}],"up":[{"embeddable":true,"href":"https:\/\/www.paih.gov.pl\/bip\/wp-json\/wp\/v2\/pages\/13479"}],"wp:attachment":[{"href":"https:\/\/www.paih.gov.pl\/bip\/wp-json\/wp\/v2\/media?parent=13481"}],"curies":[{"name":"wp","href":"https:\/\/api.w.org\/{rel}","templated":true}]}}