{"id":13466,"date":"2019-11-21T12:43:39","date_gmt":"2019-11-21T11:43:39","guid":{"rendered":"https:\/\/www.paih.gov.pl\/bip\/?p=13466"},"modified":"2026-03-30T11:34:39","modified_gmt":"2026-03-30T09:34:39","slug":"instrukcja-korzystania-z-bip","status":"publish","type":"page","link":"https:\/\/www.paih.gov.pl\/bip\/instrukcja-korzystania-z-bip\/","title":{"rendered":"Instrukcja korzystania z BIP"},"content":{"rendered":"\n<div align=\"justify\">Poruszanie si\u0119 po stronie podmiotowej BIP Polskiej Agencji Inwestycji i Handlu S.A. umo\u017cliwia podzielone na grupy tematyczne menu przedmiotowe umieszczone po lewej stronie ekranu.<\/div><div align=\"justify\"><br><\/div><div align=\"justify\">Powr\u00f3t do strony g\u0142\u00f3wnej BIP Polskiej Agencji Inwestycji i Handlu S.A. mo\u017cliwy jest poprzez klikni\u0119cie na znajduj\u0105cy si\u0119 w g\u00f3rnej cz\u0119\u015bci menu napisu BIP PAIH.<\/div><div align=\"justify\"><br><\/div><div align=\"justify\">Do szybszego wyszukania \u017c\u0105danej informacji s\u0142u\u017cy pole wyszukiwania umieszczone w g\u00f3rnej cz\u0119\u015bci strony (oznaczone ikon\u0105 lupy). W pole to nale\u017cy wpisa\u0107 s\u0142owo (lub s\u0142owa) kluczowe, a nast\u0119pnie klikn\u0105\u0107 przycisk &#8222;Enter&#8221; na klawiaturze komputera. Po wykonaniu tej operacji wy\u015bwietlona zostanie lista artyku\u0142\u00f3w spe\u0142niaj\u0105cych zadane kryterium wyszukiwania.<\/div>\n","protected":false},"excerpt":{"rendered":"<p>Poruszanie si\u0119 po stronie podmiotowej BIP Polskiej Agencji Inwestycji i Handlu S.A. umo\u017cliwia podzielone na grupy tematyczne menu przedmiotowe umieszczone po lewej stronie ekranu. Powr\u00f3t do strony g\u0142\u00f3wnej BIP Polskiej Agencji Inwestycji i Handlu S.A. mo\u017cliwy jest poprzez klikni\u0119cie na znajduj\u0105cy si\u0119 w g\u00f3rnej cz\u0119\u015bci menu napisu BIP PAIH. Do szybszego wyszukania \u017c\u0105danej informacji s\u0142u\u017cy [&hellip;]<\/p>\n","protected":false},"author":65,"featured_media":0,"parent":0,"menu_order":0,"comment_status":"closed","ping_status":"open","template":"","meta":{"inline_featured_image":false,"_themeisle_gutenberg_block_has_review":false,"footnotes":"","_links_to":"","_links_to_target":""},"acf":[],"_links":{"self":[{"href":"https:\/\/www.paih.gov.pl\/bip\/wp-json\/wp\/v2\/pages\/13466"}],"collection":[{"href":"https:\/\/www.paih.gov.pl\/bip\/wp-json\/wp\/v2\/pages"}],"about":[{"href":"https:\/\/www.paih.gov.pl\/bip\/wp-json\/wp\/v2\/types\/page"}],"author":[{"embeddable":true,"href":"https:\/\/www.paih.gov.pl\/bip\/wp-json\/wp\/v2\/users\/65"}],"replies":[{"embeddable":true,"href":"https:\/\/www.paih.gov.pl\/bip\/wp-json\/wp\/v2\/comments?post=13466"}],"version-history":[{"count":7,"href":"https:\/\/www.paih.gov.pl\/bip\/wp-json\/wp\/v2\/pages\/13466\/revisions"}],"predecessor-version":[{"id":1000101,"href":"https:\/\/www.paih.gov.pl\/bip\/wp-json\/wp\/v2\/pages\/13466\/revisions\/1000101"}],"wp:attachment":[{"href":"https:\/\/www.paih.gov.pl\/bip\/wp-json\/wp\/v2\/media?parent=13466"}],"curies":[{"name":"wp","href":"https:\/\/api.w.org\/{rel}","templated":true}]}}