{"id":13463,"date":"2019-11-21T12:34:15","date_gmt":"2019-11-21T11:34:15","guid":{"rendered":"https:\/\/www.paih.gov.pl\/bip\/?p=13463"},"modified":"2026-03-27T15:22:45","modified_gmt":"2026-03-27T14:22:45","slug":"majatek","status":"publish","type":"page","link":"https:\/\/www.paih.gov.pl\/bip\/majatek\/","title":{"rendered":"Maj\u0105tek"},"content":{"rendered":"\n<table style=\"border-collapse: collapse;\" width=\"100%\" cellspacing=\"0\" cellpadding=\"4\" bordercolor=\"#eeeeee\" border=\"1\"><tbody><tr width=\"100%\"><td width=\"40%\"><b>Struktura aktyw\u00f3w<\/b><\/td><td width=\"20%\" align=\"right\"><b>2022 (w z\u0142)<\/b><\/td><td width=\"20%\" align=\"right\"><b>2023 (w z\u0142)<\/b><\/td><td width=\"20%\" align=\"right\"><b>2024 (w z\u0142)<\/b><\/td><\/tr>\r\n<tr><td>Aktywa, w tym:<\/td><td align=\"right\">372 663 944,99<\/td><td align=\"right\">300 697 372,75<\/td><td align=\"right\">240 478 698,60<\/td><\/tr>\r\n<tr><td>Warto\u015bci niematerialne i prawne<\/td><td align=\"right\">31 989,17<\/td><td align=\"right\">&#8211;<\/td><td align=\"right\">698 940,12<\/td><\/tr>\r\n<tr><td>Rzeczowe sk\u0142adniki aktyw\u00f3w<\/td><td align=\"right\">5 545 998,24<\/td><td align=\"right\">4 995 781,35<\/td><td align=\"right\">4 806 136,48<\/td><\/tr>\r\n\r\n<tr><td>Nale\u017cno\u015bci d\u0142ugoterminowe<\/td><td align=\"right\">3 297 114,05<\/td><td align=\"right\">5 454 884,40<\/td><td align=\"right\">7 861 244,00<\/td><\/tr>\r\n<tr><td>Inwestycje<\/td><td align=\"right\">&#8211;<\/td><td align=\"right\">&#8211;<\/td><td align=\"right\">&#8211;<\/td><\/tr>\r\n<tr><td>Zapasy<\/td><td align=\"right\">&#8211;<\/td><td align=\"right\">&#8211;<\/td><td align=\"right\">7 615,30<\/td><\/tr>\r\n<tr><td>Nale\u017cno\u015bci kr\u00f3tkoterminowe<\/td><td align=\"right\">20 584 369,29<\/td><td align=\"right\">13 407 697,79<\/td><td align=\"right\">7 497 288,85<\/td><\/tr>\r\n<tr><td>\u015arodki pieni\u0119\u017cne<\/td><td align=\"right\">342 965 897,88<\/td><td align=\"right\">276 839 009,21<\/td><td align=\"right\">219 559 693,66<\/td><\/tr>\r\n<tr><td>RMK<\/td><td align=\"right\">238 576,36<\/td><td align=\"right\">&#8211;<\/td><td align=\"right\">47 780,19<\/td><\/tr>\r\n<\/tbody><\/table><div><br><\/div>\r\n\r\n\r\n\r\n<table style=\"border-collapse: collapse;\" width=\"100%\" cellspacing=\"0\" cellpadding=\"4\" bordercolor=\"#eeeeee\" border=\"1\"><tbody><tr><td width=\"40%\"><b>Wybrane elementy pasyw\u00f3w<\/b><\/td><td width=\"20%\" align=\"right\"><b>2022 (w z\u0142)<\/b><\/td><td width=\"20%\" align=\"right\"><b>2023 (w z\u0142)<\/b><\/td><td width=\"20%\" align=\"right\"><b>2024 (w z\u0142)<\/b><\/td><\/tr><tr><td>Kapita\u0142 w\u0142asny<\/td><td align=\"right\">332 311 406,67<\/td><td align=\"right\">245 234 621,94<\/td><td align=\"right\">192 008 714,16<\/td><\/tr><tr><td>Wynik finansowy netto<\/td><td align=\"right\">-6 916 657,69<\/td><td align=\"right\">-83 649 193,29<\/td><td align=\"right\">-53 725 125,93<\/td><\/tr><\/tbody><\/table>\r\n<div><br><\/div>\n","protected":false},"excerpt":{"rendered":"<p>Struktura aktyw\u00f3w 2022 (w z\u0142) 2023 (w z\u0142) 2024 (w z\u0142) Aktywa, w tym: 372 663 944,99 300 697 372,75 240 478 698,60 Warto\u015bci niematerialne i prawne 31 989,17 &#8211; 698 940,12 Rzeczowe sk\u0142adniki aktyw\u00f3w 5 545 998,24 4 995 781,35 4 806 136,48 Nale\u017cno\u015bci d\u0142ugoterminowe 3 297 114,05 5 454 884,40 7 861 244,00 [&hellip;]<\/p>\n","protected":false},"author":65,"featured_media":0,"parent":0,"menu_order":0,"comment_status":"closed","ping_status":"open","template":"","meta":{"inline_featured_image":false,"_themeisle_gutenberg_block_has_review":false,"footnotes":"","_links_to":"","_links_to_target":""},"acf":[],"_links":{"self":[{"href":"https:\/\/www.paih.gov.pl\/bip\/wp-json\/wp\/v2\/pages\/13463"}],"collection":[{"href":"https:\/\/www.paih.gov.pl\/bip\/wp-json\/wp\/v2\/pages"}],"about":[{"href":"https:\/\/www.paih.gov.pl\/bip\/wp-json\/wp\/v2\/types\/page"}],"author":[{"embeddable":true,"href":"https:\/\/www.paih.gov.pl\/bip\/wp-json\/wp\/v2\/users\/65"}],"replies":[{"embeddable":true,"href":"https:\/\/www.paih.gov.pl\/bip\/wp-json\/wp\/v2\/comments?post=13463"}],"version-history":[{"count":10,"href":"https:\/\/www.paih.gov.pl\/bip\/wp-json\/wp\/v2\/pages\/13463\/revisions"}],"predecessor-version":[{"id":1000095,"href":"https:\/\/www.paih.gov.pl\/bip\/wp-json\/wp\/v2\/pages\/13463\/revisions\/1000095"}],"wp:attachment":[{"href":"https:\/\/www.paih.gov.pl\/bip\/wp-json\/wp\/v2\/media?parent=13463"}],"curies":[{"name":"wp","href":"https:\/\/api.w.org\/{rel}","templated":true}]}}