{"id":13461,"date":"2019-11-21T12:32:23","date_gmt":"2019-11-21T11:32:23","guid":{"rendered":"https:\/\/www.paih.gov.pl\/bip\/?p=13461"},"modified":"2026-03-30T11:34:39","modified_gmt":"2026-03-30T09:34:39","slug":"rada-nadzorcza","status":"publish","type":"page","link":"https:\/\/www.paih.gov.pl\/bip\/organy\/rada-nadzorcza\/","title":{"rendered":"Rada Nadzorcza"},"content":{"rendered":"\n<div align=\"justify\"><b>Sk\u0142ad Rady Nadzorczej <\/b><b>Polskiej Agencji Inwestycji i Handlu S.A. VI wsp\u00f3lnej kadencji:<\/b><\/div><div align=\"justify\"><ul><li>Wojciech Jankowiak &#8211; Przewodnicz\u0105cy Rady Nadzorczej<\/li><li>Przemys\u0142aw Antoni Andrzejak &#8211; Wiceprzewodnicz\u0105cy Rady Nadzorczej<\/li><li>Tomasz Wi\u015bniewski &#8211; Sekretarz Rady Nadzorczej<\/li><li>Marceli Niezgoda<\/li><li>Robert Gajda<\/li><li>\u0141ukasz Rybacki<\/li><\/ul><\/div><div align=\"justify\"><b><br>Zadania i kompetencje Rady Nadzorczej:<\/b><br><ol><li>Rada Nadzorcza sprawuje sta\u0142y nadz\u00f3r nad dzia\u0142alno\u015bci\u0105 Sp\u00f3\u0142ki we wszystkich dziedzinach jej dzia\u0142alno\u015bci. <\/li><li>Rada Nadzorcza dzia\u0142a na podstawie uchwalonego przez siebie Regulaminu.<\/li><li>Rada Nadzorcza mo\u017ce powo\u0142ywa\u0107 komitety, w szczeg\u00f3lno\u015bci komitet audytu, ryzyka i wynagrodze\u0144.<\/li><li>Z zastrze\u017ceniem \u00a7 26 ust. 2 Statutu, do kompetencji Rady Nadzorczej nale\u017cy:<\/li><ol><li>powo\u0142ywanie i odwo\u0142ywanie cz\u0142onk\u00f3w Zarz\u0105du,<\/li><li>przeprowadzanie post\u0119powania kwalifikacyjnego na cz\u0142onka Zarz\u0105du,<\/li><li>ocena sprawozdania Zarz\u0105du z dzia\u0142alno\u015bci Agencji oraz sprawozdania finansowego za ubieg\u0142y rok obrotowy, w zakresie ich zgodno\u015bci z ksi\u0119gami i dokumentami, jak i stanem faktycznym,<\/li><li>ocena wniosk\u00f3w Zarz\u0105du co do podzia\u0142u zysku lub pokrycia straty,<\/li><li>sk\u0142adanie Walnemu Zgromadzeniu pisemnego sprawozdania z wynik\u00f3w oceny sprawozdania Zarz\u0105du z dzia\u0142alno\u015bci Agencji oraz sprawozdania finansowego za ubieg\u0142y rok obrotowy oraz oceny wniosku Zarz\u0105du co do podzia\u0142u zysku lub pokrycia straty,<\/li><li>sk\u0142adanie Walnemu Zgromadzeniu pisemnego sprawozdania z dzia\u0142alno\u015bci Rady Nadzorczej za ubieg\u0142y rok obrotowy,<\/li><li>wyb\u00f3r lub zmiana firmy audytorskiej do przeprowadzenia badania sprawozda\u0144 finansowych Agencji oraz do dokonywania czynno\u015bci rewizji finansowej Agencji, <\/li><li>okre\u015blenie zakresu i termin\u00f3w przedk\u0142adania przez Zarz\u0105d rocznych plan\u00f3w dzia\u0142alno\u015bci, rocznych plan\u00f3w finansowych lub rocznych plan\u00f3w rzeczowo-finansowych oraz strategii rozwoju Agencji lub strategicznych plan\u00f3w wieloletnich,<\/li><li>zatwierdzanie strategii rozwoju Agencji i strategicznych plan\u00f3w wieloletnich Agencji,<\/li><li>opiniowanie rocznych plan\u00f3w dzia\u0142alno\u015bci, rocznych plan\u00f3w finansowych lub rocznych plan\u00f3w rzeczowo-finansowych,<\/li><li>uchwalanie regulaminu szczeg\u00f3\u0142owo okre\u015blaj\u0105cego tryb dzia\u0142ania Rady Nadzorczej,<\/li><li>przyjmowanie jednolitego tekstu Statutu, przygotowanego przez Zarz\u0105d Agencji,<\/li><li>zatwierdzanie regulaminu Zarz\u0105du,<\/li><li>zatwierdzanie regulaminu organizacyjnego Agencji,<\/li><li>zawieszanie z wa\u017cnych powod\u00f3w, w czynno\u015bciach poszczeg\u00f3lnych lub wszystkich cz\u0142onk\u00f3w Zarz\u0105du,<\/li><li>delegowanie cz\u0142onk\u00f3w Rady Nadzorczej, na okres nie d\u0142u\u017cszy ni\u017c 3 miesi\u0105ce, do wykonywania czynno\u015bci cz\u0142onk\u00f3w Zarz\u0105du, kt\u00f3rych mandat wygas\u0142 lub nie mog\u0105 sprawowa\u0107 swojej funkcji,<\/li><li>ustalanie warunk\u00f3w stosunk\u00f3w prawnych \u0142\u0105cz\u0105cych cz\u0142onk\u00f3w Zarz\u0105du z Agencj\u0105, zgodnie z przepisami prawa oraz uchwa\u0142ami Walnego Zgromadzenia,<\/li><li>ustalanie wysoko\u015bci wynagrodzenia ka\u017cdego cz\u0142onka Zarz\u0105du, zgodnie z uchwa\u0142\u0105 Walnego Zgromadzenia,<\/li><li>wyra\u017canie zgody na obejmowanie lub nabywanie oraz zbywanie i umarzanie akcji lub udzia\u0142\u00f3w w sp\u00f3\u0142kach,<\/li><li>wyra\u017canie zgody na zak\u0142adanie lub przyst\u0119powanie Agencji w charakterze wsp\u00f3lnika do sp\u00f3\u0142ek osobowych lub nabywanie i zbywanie udzia\u0142u kapita\u0142owego w sp\u00f3\u0142kach osobowych albo sp\u00f3\u0142kach kapita\u0142owych,<\/li><li>wyra\u017canie zgody na rozporz\u0105dzanie na rzecz os\u00f3b trzecich wierzytelno\u015bciami lub innymi prawami przys\u0142uguj\u0105cymi Agencji, w tym ich umarzanie lub obci\u0105\u017canie oraz dokonywanie czynno\u015bci zwolnienia z d\u0142ugu,<\/li><li>wyra\u017canie zgody na podwy\u017cszenie udzia\u0142u kapita\u0142owego w sp\u00f3\u0142kach osobowych oraz wypowiadanie, rozwi\u0105zywanie lub rozporz\u0105dzanie, w tym obci\u0105\u017canie, prawami wsp\u00f3lnika w sp\u00f3\u0142kach osobowych, <\/li><li>wyra\u017canie zgody na utworzenie i likwidacj\u0119 oddzia\u0142\u00f3w i przedstawicielstw, filii, zak\u0142ad\u00f3w, przedsi\u0119biorstw oraz innych jednostek,<\/li><li>zatwierdzanie, na wniosek Zarz\u0105du, regulamin\u00f3w wykorzystania funduszy przewidzianych w Statucie (z wyj\u0105tkiem czynno\u015bci zastrze\u017conych dla Walnego Zgromadzenia),<\/li><li>wyra\u017canie zgody na nabycie, obci\u0105\u017cenie lub zbycie nieruchomo\u015bci, udzia\u0142u w nieruchomo\u015bci, u\u017cytkowania wieczystego lub udzia\u0142u w u\u017cytkowaniu wieczystym,<\/li><li>wyra\u017canie zgody na zaci\u0105gni\u0119cie zobowi\u0105zania lub rozporz\u0105dzania aktywami, kt\u00f3rych warto\u015b\u0107 w stosunku do jednego podmiotu przekracza 1.000.000 z\u0142,<\/li><li>wyra\u017canie zgody na zaci\u0105gni\u0119cie zobowi\u0105zania lub rozporz\u0105dzania aktywami w okresie jednego roku, kt\u00f3rych \u0142\u0105czna warto\u015b\u0107 w stosunku do podmiot\u00f3w powi\u0105zanych w rozumieniu ustawy o rachunkowo\u015bci przekracza 2.000.000 z\u0142,<\/li><li>wyra\u017canie zgody na wniosek Zarz\u0105du dotycz\u0105cy zlecenia outsourcingu us\u0142ug le\u017c\u0105cych w zakresie przedmiotu dzia\u0142alno\u015bci Agencji lub w przypadku zlecenia us\u0142ug na rzecz Agencji o warto\u015bci \u015bwiadczenia nie mniejszej ni\u017c 500.000 z\u0142,<\/li><li>wyra\u017canie zgody na zawarcie umowy o us\u0142ugi prawne, us\u0142ugi marketingowe, us\u0142ugi w zakresie stosunk\u00f3w mi\u0119dzyludzkich (public relations) i komunikacji spo\u0142ecznej oraz us\u0142ugi doradztwa zwi\u0105zanego z zarz\u0105dzaniem, je\u017celi wysoko\u015b\u0107 wynagrodzenia przewidzianego za \u015bwiadczone us\u0142ugi \u0142\u0105cznie w tej umowie lub innych umowach zawieranych z tym samym podmiotem przekracza 500.000 z\u0142 netto, w stosunku rocznym,<\/li><li>wyra\u017canie zgody na zmiany umowy o us\u0142ugi prawne, us\u0142ugi marketingowe, us\u0142ugi w zakresie stosunk\u00f3w mi\u0119dzyludzkich (public relations) i komunikacji spo\u0142ecznej oraz us\u0142ugi doradztwa zwi\u0105zanego z zarz\u0105dzaniem podwy\u017cszaj\u0105cej wynagrodzenie powy\u017cej kwoty 500.000 z\u0142 netto, w stosunku rocznym,<\/li><li>wyra\u017canie zgody na zawarcie umowy o us\u0142ugi prawne, us\u0142ugi marketingowe, us\u0142ugi w zakresie stosunk\u00f3w mi\u0119dzyludzkich (public relations) i komunikacji spo\u0142ecznej oraz us\u0142ugi doradztwa zwi\u0105zanego z zarz\u0105dzaniem, w kt\u00f3rych maksymalna wysoko\u015b\u0107 wynagrodzenia nie jest przewidziana,<\/li><li>wyra\u017canie zgody na zawarcie umowy darowizny lub innej umowy o podobnym skutku o warto\u015bci przekraczaj\u0105cej 20.000 z\u0142 lub 0,1% sumy aktyw\u00f3w w rozumieniu ustawy z dnia 29 wrze\u015bnia 1994 r. o rachunkowo\u015bci, ustalonych na podstawie ostatniego zatwierdzonego sprawozdania finansowego,<\/li><li>wyra\u017canie zgody na zawarcie umowy zwolnienia z d\u0142ugu lub innej umowy o podobnym skutku o warto\u015bci przekraczaj\u0105cej 50.000 z\u0142 lub 0,1% sumy aktyw\u00f3w w rozumieniu ustawy z dnia 29 wrze\u015bnia 1994 r. o rachunkowo\u015bci, ustalonych na podstawie ostatniego zatwierdzonego sprawozdania finansowego,<\/li><li>opiniowanie przed\u0142o\u017conego przez Zarz\u0105d sprawozdania o wydatkach reprezentacyjnych, a tak\u017ce wydatkach na us\u0142ugi prawne, us\u0142ugi marketingowe, us\u0142ugi w zakresie stosunk\u00f3w mi\u0119dzyludzkich (public relations) i komunikacji spo\u0142ecznej oraz us\u0142ugi doradztwa zwi\u0105zanego z zarz\u0105dzaniem, a tak\u017ce sprawozdania ze stosowania dobrych praktyk, okre\u015blonych przez Prezesa Rady Ministr\u00f3w na podstawie ustawy z dnia 16 grudnia 2016 r. o zasadach zarz\u0105dzania mieniem pa\u0144stwowym. <\/li><\/ol><\/ol><\/div>\n","protected":false},"excerpt":{"rendered":"<p>Sk\u0142ad Rady Nadzorczej Polskiej Agencji Inwestycji i Handlu S.A. VI wsp\u00f3lnej kadencji: Wojciech Jankowiak &#8211; Przewodnicz\u0105cy Rady Nadzorczej Przemys\u0142aw Antoni Andrzejak &#8211; Wiceprzewodnicz\u0105cy Rady Nadzorczej Tomasz Wi\u015bniewski &#8211; Sekretarz Rady Nadzorczej Marceli Niezgoda Robert Gajda \u0141ukasz Rybacki Zadania i kompetencje Rady Nadzorczej: Rada Nadzorcza sprawuje sta\u0142y nadz\u00f3r nad dzia\u0142alno\u015bci\u0105 Sp\u00f3\u0142ki we wszystkich dziedzinach jej dzia\u0142alno\u015bci. [&hellip;]<\/p>\n","protected":false},"author":65,"featured_media":0,"parent":13459,"menu_order":0,"comment_status":"closed","ping_status":"open","template":"","meta":{"inline_featured_image":false,"_themeisle_gutenberg_block_has_review":false,"footnotes":"","_links_to":"","_links_to_target":""},"acf":[],"_links":{"self":[{"href":"https:\/\/www.paih.gov.pl\/bip\/wp-json\/wp\/v2\/pages\/13461"}],"collection":[{"href":"https:\/\/www.paih.gov.pl\/bip\/wp-json\/wp\/v2\/pages"}],"about":[{"href":"https:\/\/www.paih.gov.pl\/bip\/wp-json\/wp\/v2\/types\/page"}],"author":[{"embeddable":true,"href":"https:\/\/www.paih.gov.pl\/bip\/wp-json\/wp\/v2\/users\/65"}],"replies":[{"embeddable":true,"href":"https:\/\/www.paih.gov.pl\/bip\/wp-json\/wp\/v2\/comments?post=13461"}],"version-history":[{"count":32,"href":"https:\/\/www.paih.gov.pl\/bip\/wp-json\/wp\/v2\/pages\/13461\/revisions"}],"predecessor-version":[{"id":1000129,"href":"https:\/\/www.paih.gov.pl\/bip\/wp-json\/wp\/v2\/pages\/13461\/revisions\/1000129"}],"up":[{"embeddable":true,"href":"https:\/\/www.paih.gov.pl\/bip\/wp-json\/wp\/v2\/pages\/13459"}],"wp:attachment":[{"href":"https:\/\/www.paih.gov.pl\/bip\/wp-json\/wp\/v2\/media?parent=13461"}],"curies":[{"name":"wp","href":"https:\/\/api.w.org\/{rel}","templated":true}]}}