{"id":13460,"date":"2019-11-21T12:32:09","date_gmt":"2019-11-21T11:32:09","guid":{"rendered":"https:\/\/www.paih.gov.pl\/bip\/?p=13460"},"modified":"2026-03-27T15:44:23","modified_gmt":"2026-03-27T14:44:23","slug":"zarzad","status":"publish","type":"page","link":"https:\/\/www.paih.gov.pl\/bip\/organy\/zarzad\/","title":{"rendered":"Zarz\u0105d"},"content":{"rendered":"\n<div><b>Sk\u0142ad Zarz\u0105du Polskiej Agencji Inwestycji i Handlu S.A. VI wsp\u00f3lnej kadencji:<\/b><\/div><ul><li>Andrzej Dycha &#8211; Prezes Zarz\u0105du<\/li><li>Magdalena Skar\u017cy\u0144ska &#8211; Wiceprezes Zarz\u0105du<\/li><li>\u0141ukasz Gwiazdowski &#8211; Wiceprezes Zarz\u0105du<\/li><li>Pawe\u0142 Pud\u0142owski &#8211; Wiceprezes Zarz\u0105du<\/li><\/ul><div><div align=\"justify\"><b><br>Zadania i kompetencje Zarz\u0105du:<\/b><\/div><\/div><div><div align=\"justify\"><ol><li>Zarz\u0105d prowadzi sprawy Agencji i reprezentuje Agencj\u0119 we wszystkich czynno\u015bciach s\u0105dowych i pozas\u0105dowych.<\/li><li>Wszelkie sprawy nie zastrze\u017cone przepisami prawa lub postanowieniami Statutu dla Walnego Zgromadzenia lub Rady Nadzorczej, nale\u017c\u0105 do kompetencji Zarz\u0105du.<\/li><li>Obowi\u0105zkiem Zarz\u0105du jest:<br>a) opracowywanie rocznych plan\u00f3w dzia\u0142alno\u015bci, rocznych plan\u00f3w finansowych lub rocznych plan\u00f3w rzeczowo-finansowych oraz strategii rozwoju Agencji lub strategicznych plan\u00f3w wieloletnich,<br>b) przedk\u0142adanie Radzie Nadzorczej kwartalnych sprawozda\u0144 dotycz\u0105cych istotnych zdarze\u0144 w dzia\u0142alno\u015bci Agencji, <br>c) przedk\u0142adanie Walnemu Zgromadzeniu zaopiniowanego przez Rad\u0119 Nadzorcz\u0105 sprawozdania o wydatkach reprezentacyjnych, a tak\u017ce wydatkach na us\u0142ugi prawne, us\u0142ugi marketingowe, us\u0142ugi w zakresie stosunk\u00f3w mi\u0119dzyludzkich (public relations) i komunikacji spo\u0142ecznej oraz us\u0142ugi doradztwa zwi\u0105zanego z zarz\u0105dzaniem, a tak\u017ce sprawozdania ze stosowania dobrych praktyk, okre\u015blonych przez Prezesa Rady Ministr\u00f3w na podstawie ustawy z dnia 16 grudnia 2016 r. o zasadach zarz\u0105dzania mieniem pa\u0144stwowym wraz ze sprawozdaniem Zarz\u0105du z dzia\u0142alno\u015bci Agencji.<\/li><li>Zarz\u0105d za zgod\u0105 Rady Nadzorczej, mo\u017ce wyp\u0142aci\u0107 zaliczk\u0119 na poczet dywidendy przewidywanej na koniec roku obrotowego.<br><\/li><\/ol><\/div><\/div>\n","protected":false},"excerpt":{"rendered":"<p>Sk\u0142ad Zarz\u0105du Polskiej Agencji Inwestycji i Handlu S.A. VI wsp\u00f3lnej kadencji: Andrzej Dycha &#8211; Prezes Zarz\u0105du Magdalena Skar\u017cy\u0144ska &#8211; Wiceprezes Zarz\u0105du \u0141ukasz Gwiazdowski &#8211; Wiceprezes Zarz\u0105du Pawe\u0142 Pud\u0142owski &#8211; Wiceprezes Zarz\u0105du Zadania i kompetencje Zarz\u0105du: Zarz\u0105d prowadzi sprawy Agencji i reprezentuje Agencj\u0119 we wszystkich czynno\u015bciach s\u0105dowych i pozas\u0105dowych. Wszelkie sprawy nie zastrze\u017cone przepisami prawa lub [&hellip;]<\/p>\n","protected":false},"author":65,"featured_media":0,"parent":13459,"menu_order":0,"comment_status":"closed","ping_status":"open","template":"","meta":{"inline_featured_image":false,"_themeisle_gutenberg_block_has_review":false,"footnotes":"","_links_to":"","_links_to_target":""},"acf":[],"_links":{"self":[{"href":"https:\/\/www.paih.gov.pl\/bip\/wp-json\/wp\/v2\/pages\/13460"}],"collection":[{"href":"https:\/\/www.paih.gov.pl\/bip\/wp-json\/wp\/v2\/pages"}],"about":[{"href":"https:\/\/www.paih.gov.pl\/bip\/wp-json\/wp\/v2\/types\/page"}],"author":[{"embeddable":true,"href":"https:\/\/www.paih.gov.pl\/bip\/wp-json\/wp\/v2\/users\/65"}],"replies":[{"embeddable":true,"href":"https:\/\/www.paih.gov.pl\/bip\/wp-json\/wp\/v2\/comments?post=13460"}],"version-history":[{"count":24,"href":"https:\/\/www.paih.gov.pl\/bip\/wp-json\/wp\/v2\/pages\/13460\/revisions"}],"predecessor-version":[{"id":1000127,"href":"https:\/\/www.paih.gov.pl\/bip\/wp-json\/wp\/v2\/pages\/13460\/revisions\/1000127"}],"up":[{"embeddable":true,"href":"https:\/\/www.paih.gov.pl\/bip\/wp-json\/wp\/v2\/pages\/13459"}],"wp:attachment":[{"href":"https:\/\/www.paih.gov.pl\/bip\/wp-json\/wp\/v2\/media?parent=13460"}],"curies":[{"name":"wp","href":"https:\/\/api.w.org\/{rel}","templated":true}]}}