{"id":13458,"date":"2019-11-21T12:25:45","date_gmt":"2019-11-21T11:25:45","guid":{"rendered":"https:\/\/www.paih.gov.pl\/bip\/?p=13458"},"modified":"2026-03-30T11:34:39","modified_gmt":"2026-03-30T09:34:39","slug":"struktura-organizacyjna","status":"publish","type":"page","link":"https:\/\/www.paih.gov.pl\/bip\/struktura-organizacyjna\/","title":{"rendered":"Struktura organizacyjna"},"content":{"rendered":"\n<div align=\"justify\"><b>W strukturze organizacyjnej Polskiej Agencji Inwestycji i Handlu S.A. funkcjonuj\u0105 nast\u0119puj\u0105ce jednostki organizacyjne:<\/b><\/div><div align=\"justify\"><ul><li>Departament Analiz i Zarz\u0105dzania Danymi<\/li><li>Departament Finans\u00f3w<\/li><li>Departament Projekt\u00f3w Europejskich<\/li><li>Departament Promocji<\/li><li>Departament Wsparcia Exportu<\/li><li>Departament Wsparcia Inwestycji<\/li><li>Departament Wsparcia Regionalnego<\/li><li>Departament Wystawy Expo<\/li><li>Departament Zarz\u0105dzania Korporacyjnego<\/li><li>Biuro Administracyjne<\/li><li>Biuro Bezpiecze\u0144stwa<\/li><li>Biuro Informatyki<\/li><li>Biuro Prawne<\/li><li>Biuro Zasob\u00f3w Ludzkich<\/li><li>Rzecznik Prasowy<\/li><li>Stanowisko ds. BHP i PPO\u017b<\/li><li>IOD<br><\/li><\/ul><\/div>\n","protected":false},"excerpt":{"rendered":"<p>W strukturze organizacyjnej Polskiej Agencji Inwestycji i Handlu S.A. funkcjonuj\u0105 nast\u0119puj\u0105ce jednostki organizacyjne: Departament Analiz i Zarz\u0105dzania Danymi Departament Finans\u00f3w Departament Projekt\u00f3w Europejskich Departament Promocji Departament Wsparcia Exportu Departament Wsparcia Inwestycji Departament Wsparcia Regionalnego Departament Wystawy Expo Departament Zarz\u0105dzania Korporacyjnego Biuro Administracyjne Biuro Bezpiecze\u0144stwa Biuro Informatyki Biuro Prawne Biuro Zasob\u00f3w Ludzkich Rzecznik Prasowy Stanowisko ds. [&hellip;]<\/p>\n","protected":false},"author":65,"featured_media":0,"parent":0,"menu_order":0,"comment_status":"closed","ping_status":"open","template":"","meta":{"inline_featured_image":false,"_themeisle_gutenberg_block_has_review":false,"footnotes":"","_links_to":"","_links_to_target":""},"acf":[],"_links":{"self":[{"href":"https:\/\/www.paih.gov.pl\/bip\/wp-json\/wp\/v2\/pages\/13458"}],"collection":[{"href":"https:\/\/www.paih.gov.pl\/bip\/wp-json\/wp\/v2\/pages"}],"about":[{"href":"https:\/\/www.paih.gov.pl\/bip\/wp-json\/wp\/v2\/types\/page"}],"author":[{"embeddable":true,"href":"https:\/\/www.paih.gov.pl\/bip\/wp-json\/wp\/v2\/users\/65"}],"replies":[{"embeddable":true,"href":"https:\/\/www.paih.gov.pl\/bip\/wp-json\/wp\/v2\/comments?post=13458"}],"version-history":[{"count":18,"href":"https:\/\/www.paih.gov.pl\/bip\/wp-json\/wp\/v2\/pages\/13458\/revisions"}],"predecessor-version":[{"id":1000089,"href":"https:\/\/www.paih.gov.pl\/bip\/wp-json\/wp\/v2\/pages\/13458\/revisions\/1000089"}],"wp:attachment":[{"href":"https:\/\/www.paih.gov.pl\/bip\/wp-json\/wp\/v2\/media?parent=13458"}],"curies":[{"name":"wp","href":"https:\/\/api.w.org\/{rel}","templated":true}]}}