{"id":13129,"date":"2019-05-28T12:31:47","date_gmt":"2019-05-28T11:31:47","guid":{"rendered":"https:\/\/www.paih.gov.pl\/bip\/?p=13129"},"modified":"2026-03-30T11:34:39","modified_gmt":"2026-03-30T09:34:39","slug":"przedmiot-dzialalnosci","status":"publish","type":"page","link":"https:\/\/www.paih.gov.pl\/bip\/przedmiot-dzialalnosci\/","title":{"rendered":"Przedmiot dzia\u0142alno\u015bci"},"content":{"rendered":"\n<div align=\"justify\">Zadania oraz przedmiot dzia\u0142alno\u015bci Polskiej Agencji Inwestycji i Handlu S.A. okre\u015blaj\u0105 ustawa z dnia 7 lipca 2017 r. o wykonywaniu zada\u0144 z zakresu promocji polskiej gospodarki przez Polsk\u0105 Agencj\u0119 Inwestycji i Handlu Sp\u00f3\u0142ka Akcyjna (&#8222;Ustawa&#8221;) oraz Statut Agencji, zatwierdzony przez Walne Zgromadzenie.<\/div><div align=\"justify\"><br><\/div><div align=\"justify\"><b>Do ustawowych zada\u0144 Agencji nale\u017cy promocja polskiej gospodarki, w tym:<\/b><br><ol><li>promocja eksportu polskich przedsi\u0119biorc\u00f3w, w szczeg\u00f3lno\u015bci ma\u0142ych i \u015brednich,<\/li><li>promocja polskich bran\u017c,<\/li><li>wspieranie nap\u0142ywu bezpo\u015brednich inwestycji zagranicznych,<\/li><li>wspieranie inwestycji polskich za granic\u0105,<\/li><li>wspieranie inwestycji polskich na terytorium Rzeczypospolitej Polskiej,<\/li><li>dostarczanie przedsi\u0119biorcom informacji ekonomiczno-handlowych na temat rynk\u00f3w zagranicznych oraz inwestorom zagranicznym informacji na temat warunk\u00f3w i uregulowa\u0144 prawnych prowadzenia dzia\u0142alno\u015bci gospodarczej na terytorium Rzeczypospolitej Polskiej, w tym prowadzenie portalu informacyjnego,<\/li><li>organizowanie przedsi\u0119wzi\u0119\u0107 informacyjnych i promocyjnych na terytorium Rzeczypospolitej Polskiej i poza jej granicami,<\/li><li>dzia\u0142alno\u015b\u0107 wydawnicza,<\/li><li>podejmowanie dzia\u0142a\u0144 s\u0142u\u017c\u0105cych zapobieganiu skutkom sytuacji kryzysowych w rozumieniu&nbsp; art.&nbsp; 3&nbsp; pkt&nbsp; 1&nbsp; ustawy&nbsp; z dnia&nbsp; 26&nbsp; kwietnia&nbsp; 2007&nbsp; r.&nbsp; o&nbsp; zarz\u0105dzaniu kryzysowym (Dz. U. z 2022 r. poz. 261 i 583) lub \u0142agodzeniu tych&nbsp; skutk\u00f3w, w tym skutk\u00f3w rozprzestrzeniania&nbsp; si\u0119 zaka\u017ce\u0144&nbsp; wirusem SARS-CoV-2, powoduj\u0105cym chorob\u0119 zaka\u017an\u0105 COVID-19. <\/li><\/ol><br>Minister w\u0142a\u015bciwy do spraw gospodarki lub inny podmiot sektora finans\u00f3w publicznych mog\u0105 powierzy\u0107 Agencji wykonywanie innych zada\u0144 z zakresu administracji rz\u0105dowej, wynikaj\u0105ce w szczeg\u00f3lno\u015bci z dokument\u00f3w i program\u00f3w przyj\u0119tych przez Rad\u0119 Ministr\u00f3w lub w\u0142a\u015bciwego ministra.<\/div><div align=\"justify\"><br><\/div><div align=\"justify\">W zakresie promocji polskiej gospodarki Agencja mo\u017ce udziela\u0107 pomocy finansowej zawi\u0105zanej z programami finansowanymi z bud\u017cetu Unii Europejskiej, o kt\u00f3rych mowa w ustawie z dnia 11 lipca 2014 r. o zasadach realizacji program\u00f3w w zakresie polityki sp\u00f3jno\u015bci finansowych w perspektywie finansowej 2014-2020 oraz innymi programami finansowanymi ze \u017ar\u00f3de\u0142 zagranicznych niepodlegaj\u0105cych zwrotowi, do kt\u00f3rej zastosowanie znajd\u0105 szczeg\u00f3\u0142owe warunki i tryb w\u0142a\u015bciwe dla udzielania tej pomocy.<\/div><div align=\"justify\"><br><\/div><div align=\"justify\">W zakresie promocji polskiej gospodarki Agencja mo\u017ce tak\u017ce udziela\u0107 pomocy finansowej spe\u0142niaj\u0105cej przes\u0142anki pomocy de minimis, dotycz\u0105cej promocji eksportu polskich przedsi\u0119biorc\u00f3w, do kt\u00f3rej zastosowanie znajd\u0105 szczeg\u00f3\u0142owe warunki i tryb w\u0142a\u015bciwe dla udzielania tej pomocy. <br><br><b>Zgodnie ze Statutem, przedmiotem dzia\u0142alno\u015bci Agencji, zgodnie z klasyfikacj\u0105 kod\u00f3w PKD, jest:<\/b><br><ol><li>dzia\u0142alno\u015b\u0107 zwi\u0105zana z organizacj\u0105 targ\u00f3w, wystaw i kongres\u00f3w (PKD 82.30.Z),<\/li><li>przetwarzanie danych; zarz\u0105dzanie stronami internetowymi (hosting) i podobna dzia\u0142alno\u015b\u0107 (PKD 63.11.Z),<\/li><li>dzia\u0142alno\u015b\u0107 portali internetowych (PKD 63.12.Z),<\/li><li>pozosta\u0142a dzia\u0142alno\u015b\u0107 us\u0142ugowa w zakresie informacji, gdzie indziej niesklasyfikowana (PKD 63.99.Z),<\/li><li>wynajem i zarz\u0105dzanie nieruchomo\u015bciami w\u0142asnymi lub dzier\u017cawionymi (PKD.68.20.Z),<\/li><li>stosunki mi\u0119dzyludzkie (public relations) i komunikacja (PKD.70.21.Z),<\/li><li>pozosta\u0142e doradztwo w zakresie prowadzenia dzia\u0142alno\u015bci gospodarczej i zarz\u0105dzania (PKD.70.22.Z),<\/li><li>dzia\u0142alno\u015b\u0107 agencji reklamowych (PKD.73.11.Z),<\/li><li>badanie rynku i opinii publicznej (PKD 73.20.Z),<\/li><li>dzia\u0142alno\u015b\u0107 organizator\u00f3w turystyki (PKD 79.12.Z),<\/li><li>pozosta\u0142a dzia\u0142alno\u015b\u0107 us\u0142ugowa w zakresie rezerwacji, gdzie indziej niesklasyfikowana (PKD 79.90.C),<\/li><li>dzia\u0142alno\u015b\u0107 wspomagaj\u0105ca wystawianie przedstawie\u0144 artystycznych (PKD 90.02.Z).<\/li><\/ol><\/div>\n\n\n<p style=\"text-align: center;\"><strong><br>Pliki do pobrania:<\/strong><\/p>\n\n","protected":false},"excerpt":{"rendered":"<p>Zadania oraz przedmiot dzia\u0142alno\u015bci Polskiej Agencji Inwestycji i Handlu S.A. okre\u015blaj\u0105 ustawa z dnia 7 lipca 2017 r. o wykonywaniu zada\u0144 z zakresu promocji polskiej gospodarki przez Polsk\u0105 Agencj\u0119 Inwestycji i Handlu Sp\u00f3\u0142ka Akcyjna (&#8222;Ustawa&#8221;) oraz Statut Agencji, zatwierdzony przez Walne Zgromadzenie. Do ustawowych zada\u0144 Agencji nale\u017cy promocja polskiej gospodarki, w tym: promocja eksportu polskich [&hellip;]<\/p>\n","protected":false},"author":62,"featured_media":0,"parent":0,"menu_order":0,"comment_status":"closed","ping_status":"open","template":"","meta":{"inline_featured_image":false,"_themeisle_gutenberg_block_has_review":false,"footnotes":"","_links_to":"","_links_to_target":""},"acf":[],"_links":{"self":[{"href":"https:\/\/www.paih.gov.pl\/bip\/wp-json\/wp\/v2\/pages\/13129"}],"collection":[{"href":"https:\/\/www.paih.gov.pl\/bip\/wp-json\/wp\/v2\/pages"}],"about":[{"href":"https:\/\/www.paih.gov.pl\/bip\/wp-json\/wp\/v2\/types\/page"}],"author":[{"embeddable":true,"href":"https:\/\/www.paih.gov.pl\/bip\/wp-json\/wp\/v2\/users\/62"}],"replies":[{"embeddable":true,"href":"https:\/\/www.paih.gov.pl\/bip\/wp-json\/wp\/v2\/comments?post=13129"}],"version-history":[{"count":30,"href":"https:\/\/www.paih.gov.pl\/bip\/wp-json\/wp\/v2\/pages\/13129\/revisions"}],"predecessor-version":[{"id":1000146,"href":"https:\/\/www.paih.gov.pl\/bip\/wp-json\/wp\/v2\/pages\/13129\/revisions\/1000146"}],"wp:attachment":[{"href":"https:\/\/www.paih.gov.pl\/bip\/wp-json\/wp\/v2\/media?parent=13129"}],"curies":[{"name":"wp","href":"https:\/\/api.w.org\/{rel}","templated":true}]}}