{"id":13111,"date":"2019-05-22T16:05:05","date_gmt":"2019-05-22T15:05:05","guid":{"rendered":"https:\/\/www.paih.gov.pl\/bip\/?p=13111"},"modified":"2026-03-30T11:34:39","modified_gmt":"2026-03-30T09:34:39","slug":"o-agencji","status":"publish","type":"page","link":"https:\/\/www.paih.gov.pl\/bip\/o-agencji\/","title":{"rendered":"Informacje o Agencji"},"content":{"rendered":"\n<div align=\"justify\">Misj\u0105 Agencji jest zwi\u0119kszenie nap\u0142ywu bezpo\u015brednich inwestycji zagranicznych do kraju oraz zasi\u0119gu i dynamiki umi\u0119dzynarodowienia polskich przedsi\u0119biorstw. Dzia\u0142a zar\u00f3wno w Polsce, jak i poprzez Zagraniczne Biura Handlowe (ZBH). <br><br>Agencja oferuje szybki dost\u0119p do kompleksowej informacji dotycz\u0105cej otoczenia gospodarczo-prawnego projekt\u00f3w biznesowych. Pomaga r\u00f3wnie\u017c w pokonywaniu procedur administracyjnych dotycz\u0105cych konkretnych przedsi\u0119wzi\u0119\u0107, opracowaniu rozwi\u0105za\u0144 prawnych, znalezieniu odpowiedniej lokalizacji oraz wiarygodnych partner\u00f3w i dostawc\u00f3w. Zapewnia r\u00f3wnie\u017c dost\u0119p do instrument\u00f3w finansowych, w tym ubezpiecze\u0144 oferowanych przez instytucje zrzeszone w Grupie Polskiego Funduszu Rozwoju. <br><\/div><div align=\"justify\"><br><\/div><div align=\"justify\"><b>Zanim powsta\u0142a PAIH<\/b><\/div><div align=\"justify\"><br><\/div><div align=\"justify\">Polska Agencja Inwestycji i Handlu S.A. (PAIH S.A.) jest jednoosobow\u0105 sp\u00f3\u0142k\u0105 Skarbu Pa\u0144stwa utworzon\u0105 17 czerwca 1991 r. pod nazw\u0105 Polska Agencja Informacyjna S.A. na mocy upowa\u017cnienia udzielonego przez Prezesa Rady Ministr\u00f3w w Decyzji nr 1 z dnia 18 lutego 1991 r. w sprawie zagospodarowania maj\u0105tku Polskiej Agencji Informacyjnej &#8222;INTERPRESS&#8221;.<\/div><div align=\"justify\"><br><\/div><div align=\"justify\">W dniu 24 czerwca 2003 r. nast\u0105pi\u0142o po\u0142\u0105czenie Polskiej Agencji Informacyjnej S.A. z Polsk\u0105 Agencj\u0105 Informacji i Inwestycji Zagranicznych S.A. poprzez przeniesienie ca\u0142ego maj\u0105tku Polskiej Agencji&nbsp; Informacji i Inwestycji Zagranicznych S.A. na Polsk\u0105 Agencj\u0119 Informacyjn\u0105 S.A. (Uchwa\u0142a nr 6 Walnego Zgromadzenia z dnia 4 czerwca 2003 r.).<\/div><div align=\"justify\"><br><\/div><div align=\"justify\">W dniu 2 lutego 2017 r. nast\u0105pi\u0142a zmiana nazwy Sp\u00f3\u0142ki na Polska Agencja Inwestycji i Handlu S.A. (Uchwa\u0142a nr 2 Nadzwyczajnego Walnego Zgromadzenia z dnia 13 grudnia 2016 r.).<\/div><div align=\"justify\"><b><br><\/b><\/div><div align=\"justify\"><b>Dane rejestrowe<\/b><\/div><div align=\"justify\"><br><\/div><div align=\"justify\">Agencja jest zarejestrowana w S\u0105dzie Rejonowym dla m.st. Warszawy, XII Wydzia\u0142 Gospodarczy Krajowego Rejestru S\u0105dowego.<\/div><div align=\"justify\"><br><\/div><div align=\"justify\">KRS: 0000109815<\/div><div align=\"justify\">NIP: 526-030-01-67<\/div><div align=\"justify\">Regon: 012070669<br><\/div><div align=\"justify\">Kapita\u0142 zak\u0142adowy: 191 937 969,63 z\u0142 (wp\u0142acony w ca\u0142o\u015bci)<\/div><div align=\"justify\">ePUAP: PAIH_SA_<br><\/div><div align=\"justify\"><br><\/div><div align=\"justify\"><b>Polska Agencja Inwestycji i Handlu S.A.<\/b><br>ul. Krucza 50<br>00-025 Warszawa<\/div><div align=\"justify\">tel.: +48 22 334 98 00<br><\/div>\n","protected":false},"excerpt":{"rendered":"<p>Misj\u0105 Agencji jest zwi\u0119kszenie nap\u0142ywu bezpo\u015brednich inwestycji zagranicznych do kraju oraz zasi\u0119gu i dynamiki umi\u0119dzynarodowienia polskich przedsi\u0119biorstw. Dzia\u0142a zar\u00f3wno w Polsce, jak i poprzez Zagraniczne Biura Handlowe (ZBH). Agencja oferuje szybki dost\u0119p do kompleksowej informacji dotycz\u0105cej otoczenia gospodarczo-prawnego projekt\u00f3w biznesowych. Pomaga r\u00f3wnie\u017c w pokonywaniu procedur administracyjnych dotycz\u0105cych konkretnych przedsi\u0119wzi\u0119\u0107, opracowaniu rozwi\u0105za\u0144 prawnych, znalezieniu odpowiedniej lokalizacji [&hellip;]<\/p>\n","protected":false},"author":4,"featured_media":0,"parent":0,"menu_order":0,"comment_status":"closed","ping_status":"open","template":"","meta":{"inline_featured_image":false,"_themeisle_gutenberg_block_has_review":false,"footnotes":"","_links_to":"","_links_to_target":""},"acf":[],"_links":{"self":[{"href":"https:\/\/www.paih.gov.pl\/bip\/wp-json\/wp\/v2\/pages\/13111"}],"collection":[{"href":"https:\/\/www.paih.gov.pl\/bip\/wp-json\/wp\/v2\/pages"}],"about":[{"href":"https:\/\/www.paih.gov.pl\/bip\/wp-json\/wp\/v2\/types\/page"}],"author":[{"embeddable":true,"href":"https:\/\/www.paih.gov.pl\/bip\/wp-json\/wp\/v2\/users\/4"}],"replies":[{"embeddable":true,"href":"https:\/\/www.paih.gov.pl\/bip\/wp-json\/wp\/v2\/comments?post=13111"}],"version-history":[{"count":35,"href":"https:\/\/www.paih.gov.pl\/bip\/wp-json\/wp\/v2\/pages\/13111\/revisions"}],"predecessor-version":[{"id":1000087,"href":"https:\/\/www.paih.gov.pl\/bip\/wp-json\/wp\/v2\/pages\/13111\/revisions\/1000087"}],"wp:attachment":[{"href":"https:\/\/www.paih.gov.pl\/bip\/wp-json\/wp\/v2\/media?parent=13111"}],"curies":[{"name":"wp","href":"https:\/\/api.w.org\/{rel}","templated":true}]}}