{"id":11660,"date":"2017-11-28T13:46:53","date_gmt":"2017-11-28T12:46:53","guid":{"rendered":"https:\/\/www.paih.gov.pl\/bip\/?p=11660"},"modified":"2026-03-30T11:34:39","modified_gmt":"2026-03-30T09:34:39","slug":"zamowienia-publiczne","status":"publish","type":"page","link":"https:\/\/www.paih.gov.pl\/bip\/ogloszenia\/zamowienia-publiczne\/","title":{"rendered":"Zam\u00f3wienia Publiczne"},"content":{"rendered":"\r\n<p align=\"justify\"><strong>Polska Agencja Inwestycji i Handlu S.A. informuje, \u017ce od 1 pa\u017adziernika 2024 r. wszystkie post\u0119powania o udzielenie zam\u00f3wienia publicznego, zapytania ofertowe, wst\u0119pne konsultacje rynkowe, zapytania o szacowan\u0105 warto\u015b\u0107 zam\u00f3wienia oraz wszystkie informacje dotycz\u0105ce prowadzonych post\u0119powa\u0144 dost\u0119pne s\u0105 na platformie zakupowej pod adresem&nbsp;<\/strong><a aria-label=\"Link https:\/\/platformazakupowa.pl\/pn\/paih\" id=\"menurseo\" href=\"https:\/\/platformazakupowa.pl\/pn\/paih\" rel=\"noreferrer noopener\" target=\"_blank\" class=\"fui-Link ___1q1shib f2hkw1w f3rmtva f1ewtqcl fyind8e f1k6fduh f1w7gpdv fk6fouc fjoy568 figsok6 f1s184ao f1mk8lai fnbmjn9 f1o700av f13mvf36 f1cmlufx f9n3di6 f1ids18y f1tx3yz7 f1deo86v f1eh06m1 f1iescvh fhgqx19 f1olyrje f1p93eir f1nev41a f1h8hb77 f1lqvz6u f10aw75t fsle3fq f17ae5zn\" title=\"https:\/\/platformazakupowa.pl\/pn\/paih\"><strong>https:\/\/platformazakupowa.pl\/pn\/paih<\/strong><\/a><strong>&nbsp;w zak\u0142adce &#8222;Post\u0119powania&#8221;.<\/strong><\/p><p><strong>Uzyskanie dost\u0119pu do post\u0119powa\u0144 prowadzonych na platformie nie wymaga logowania.<\/strong><\/p><strong><\/strong><p align=\"justify\"><strong><a href=\"\/bip\/ogloszenia\/zamowienia_publiczne\/klauzula_informacyjna\">Klauzula informacyjna dotycz\u0105ca przetwarzania danych osobowych przez PAIH S.A. dla uczestnik\u00f3w post\u0119powa\u0144 w ramach zam\u00f3wie\u0144 publicznych &#187;<br><br><\/a><\/strong><a href=\"\/bip\/ogloszenia\/zamowienia_publiczne\/klauzula_informacyjna\"><strong><\/strong><\/a><strong><a href=\"\/wp-content\/uploads\/sites\/3\/0\/150301\/150336.pdf\" target=\"_blank\" rel=\"noopener\">Plan post\u0119powa\u0144 o udzielenie zam\u00f3wie\u0144 (2023) &#187;<br><\/a><\/strong><strong><a href=\"https:\/\/paih.gov.pl\/wp-content\/uploads\/sites\/3\/0\/150301\/150392.pdf\" target=\"_blank\" rel=\"noopener\">Plan post\u0119powa\u0144 o udzielenie zam\u00f3wie\u0144 (2024) &#187;<\/a><\/strong><strong><\/strong><br><strong><a href=\"https:\/\/paih.gov.pl\/wp-content\/uploads\/sites\/3\/0\/150301\/150393.pdf\" target=\"_blank\" rel=\"noopener\">Plan post\u0119powa\u0144 o udzielenie zam\u00f3wie\u0144 (2024 &#8211; aktualizacja 18.03.2024) &#187;<br><\/a><\/strong><strong><a href=\"https:\/\/paih.gov.pl\/wp-content\/uploads\/sites\/3\/0\/150301\/150395.pdf\" target=\"_blank\" rel=\"noopener\">Plan post\u0119powa\u0144 o udzielenie zam\u00f3wie\u0144 (2024 &#8211; aktualizacja 10.04.2024) &#187;<\/a><\/strong>\r\n<br>\r\n<strong><a href=\"https:\/\/paih.gov.pl\/wp-content\/uploads\/sites\/3\/0\/150401\/150404.pdf\" target=\"_blank\" rel=\"noopener\">Plan post\u0119powa\u0144 o udzielenie zam\u00f3wie\u0144 (2024 &#8211; aktualizacja 15.07.2024) \u00bb<\/a><\/strong>\r\n<br>\r\n<strong><a href=\"https:\/\/paih.gov.pl\/wp-content\/uploads\/sites\/3\/0\/150401\/150405.pdf\" target=\"_blank\" rel=\"noopener\">Plan post\u0119powa\u0144 o udzielenie zam\u00f3wie\u0144 (2024 &#8211; aktualizacja 09.10.2024) \u00bb<\/a><\/strong>\r\n\r\n<br><strong><a href=\"https:\/\/www.paih.gov.pl\/bip\/ogloszenia\/zamowienia-publiczne-archiwum\/\">Zam\u00f3wienia publiczne \u2013 archiwum z lat 2018-2023 &#187;<\/a><\/strong><\/p>\r\n","protected":false},"excerpt":{"rendered":"<p>Polska Agencja Inwestycji i Handlu S.A. informuje, \u017ce od 1 pa\u017adziernika 2024 r. wszystkie post\u0119powania o udzielenie zam\u00f3wienia publicznego, zapytania ofertowe, wst\u0119pne konsultacje rynkowe, zapytania o szacowan\u0105 warto\u015b\u0107 zam\u00f3wienia oraz wszystkie informacje dotycz\u0105ce prowadzonych post\u0119powa\u0144 dost\u0119pne s\u0105 na platformie zakupowej pod adresem&nbsp;https:\/\/platformazakupowa.pl\/pn\/paih&nbsp;w zak\u0142adce &#8222;Post\u0119powania&#8221;. Uzyskanie dost\u0119pu do post\u0119powa\u0144 prowadzonych na platformie nie wymaga logowania. Klauzula [&hellip;]<\/p>\n","protected":false},"author":5,"featured_media":0,"parent":13464,"menu_order":0,"comment_status":"closed","ping_status":"open","template":"","meta":{"inline_featured_image":false,"_themeisle_gutenberg_block_has_review":false,"footnotes":"","_links_to":"","_links_to_target":""},"acf":[],"_links":{"self":[{"href":"https:\/\/www.paih.gov.pl\/bip\/wp-json\/wp\/v2\/pages\/11660"}],"collection":[{"href":"https:\/\/www.paih.gov.pl\/bip\/wp-json\/wp\/v2\/pages"}],"about":[{"href":"https:\/\/www.paih.gov.pl\/bip\/wp-json\/wp\/v2\/types\/page"}],"author":[{"embeddable":true,"href":"https:\/\/www.paih.gov.pl\/bip\/wp-json\/wp\/v2\/users\/5"}],"replies":[{"embeddable":true,"href":"https:\/\/www.paih.gov.pl\/bip\/wp-json\/wp\/v2\/comments?post=11660"}],"version-history":[{"count":65,"href":"https:\/\/www.paih.gov.pl\/bip\/wp-json\/wp\/v2\/pages\/11660\/revisions"}],"predecessor-version":[{"id":1000158,"href":"https:\/\/www.paih.gov.pl\/bip\/wp-json\/wp\/v2\/pages\/11660\/revisions\/1000158"}],"up":[{"embeddable":true,"href":"https:\/\/www.paih.gov.pl\/bip\/wp-json\/wp\/v2\/pages\/13464"}],"wp:attachment":[{"href":"https:\/\/www.paih.gov.pl\/bip\/wp-json\/wp\/v2\/media?parent=11660"}],"curies":[{"name":"wp","href":"https:\/\/api.w.org\/{rel}","templated":true}]}}